{"id":300,"date":"2021-05-06T17:58:02","date_gmt":"2021-05-06T17:58:02","guid":{"rendered":"http:\/\/vblock.hs11.linux.pl\/?post_type=product&#038;p=300"},"modified":"2022-10-30T10:54:52","modified_gmt":"2022-10-30T10:54:52","slug":"chwyty-wspinaczkowe-set-s11","status":"publish","type":"product","link":"https:\/\/vbloc.pl\/en\/produkt\/chwyty-wspinaczkowe-set-s11\/","title":{"rendered":"CHWYTY WSPINACZKOWE SET S11"},"content":{"rendered":"","protected":false},"excerpt":{"rendered":"<p>Taki set chwyt\u00f3w wspinaczkowych to niezb\u0119dne narz\u0119dzie w r\u0119ku wytrawnego routsettera daj\u0105ce bardzo du\u017ce mo\u017cliwo\u015bci uk\u0142adania dr\u00f3g i boulder\u00f3w, zale\u017cnie od u\u0142o\u017cenia chwyty mog\u0105 pracowa\u0107 jako klamy, odci\u0105gi lub oblaki.<\/p>\n<p>Typ: Klamy \/ oblaki<\/p>\n<p>Mocowanie: \u015aruba M10 lub wkr\u0119ty typu spax<\/p>\n","protected":false},"featured_media":362,"template":"","meta":{"_mi_skip_tracking":false},"product_cat":[15],"product_tag":[],"class_list":["post-300","product","type-product","status-publish","has-post-thumbnail","hentry","product_cat-chwyty-wspinaczkowe"],"_links":{"self":[{"href":"https:\/\/vbloc.pl\/en\/wp-json\/wp\/v2\/product\/300","targetHints":{"allow":["GET"]}}],"collection":[{"href":"https:\/\/vbloc.pl\/en\/wp-json\/wp\/v2\/product"}],"about":[{"href":"https:\/\/vbloc.pl\/en\/wp-json\/wp\/v2\/types\/product"}],"wp:featuredmedia":[{"embeddable":true,"href":"https:\/\/vbloc.pl\/en\/wp-json\/wp\/v2\/media\/362"}],"wp:attachment":[{"href":"https:\/\/vbloc.pl\/en\/wp-json\/wp\/v2\/media?parent=300"}],"wp:term":[{"taxonomy":"product_cat","embeddable":true,"href":"https:\/\/vbloc.pl\/en\/wp-json\/wp\/v2\/product_cat?post=300"},{"taxonomy":"product_tag","embeddable":true,"href":"https:\/\/vbloc.pl\/en\/wp-json\/wp\/v2\/product_tag?post=300"}],"curies":[{"name":"wp","href":"https:\/\/api.w.org\/{rel}","templated":true}]}}