{"id":301,"date":"2021-05-06T17:59:16","date_gmt":"2021-05-06T17:59:16","guid":{"rendered":"http:\/\/vblock.hs11.linux.pl\/?post_type=product&#038;p=301"},"modified":"2022-10-30T10:58:00","modified_gmt":"2022-10-30T10:58:00","slug":"chwyty-wspinaczkowe-set-s12","status":"publish","type":"product","link":"https:\/\/vbloc.pl\/en\/produkt\/chwyty-wspinaczkowe-set-s12\/","title":{"rendered":"CHWYTY WSPINACZKOWE SET S12"},"content":{"rendered":"","protected":false},"excerpt":{"rendered":"<blockquote><p>Set chwyt\u00f3w wspinaczkowych, kraw\u0105dki i do\u015b\u0107 dobrze zaginaj\u0105ce si\u0119 du\u017ce listwy, super do pracy jako odci\u0105gi. Odwracaj\u0105c chwyty zapracuj\u0105 r\u00f3wnie\u017c jako ob\u0142a kraw\u0105dka.<\/p><\/blockquote>\n<p>Typ: Kraw\u0105dki \/ Du\u017ce listwy \/ Ob\u0142e kraw\u0105dki<\/p>\n<p>Mocowanie: \u015aruba M10 lub wkr\u0119ty typu spax<\/p>\n<p>&nbsp;<\/p>\n","protected":false},"featured_media":364,"template":"","meta":{"_mi_skip_tracking":false},"product_cat":[15],"product_tag":[],"class_list":["post-301","product","type-product","status-publish","has-post-thumbnail","hentry","product_cat-chwyty-wspinaczkowe"],"_links":{"self":[{"href":"https:\/\/vbloc.pl\/en\/wp-json\/wp\/v2\/product\/301","targetHints":{"allow":["GET"]}}],"collection":[{"href":"https:\/\/vbloc.pl\/en\/wp-json\/wp\/v2\/product"}],"about":[{"href":"https:\/\/vbloc.pl\/en\/wp-json\/wp\/v2\/types\/product"}],"wp:featuredmedia":[{"embeddable":true,"href":"https:\/\/vbloc.pl\/en\/wp-json\/wp\/v2\/media\/364"}],"wp:attachment":[{"href":"https:\/\/vbloc.pl\/en\/wp-json\/wp\/v2\/media?parent=301"}],"wp:term":[{"taxonomy":"product_cat","embeddable":true,"href":"https:\/\/vbloc.pl\/en\/wp-json\/wp\/v2\/product_cat?post=301"},{"taxonomy":"product_tag","embeddable":true,"href":"https:\/\/vbloc.pl\/en\/wp-json\/wp\/v2\/product_tag?post=301"}],"curies":[{"name":"wp","href":"https:\/\/api.w.org\/{rel}","templated":true}]}}