{"id":305,"date":"2021-05-06T18:01:15","date_gmt":"2021-05-06T18:01:15","guid":{"rendered":"http:\/\/vblock.hs11.linux.pl\/?post_type=product&#038;p=305"},"modified":"2022-10-30T11:05:17","modified_gmt":"2022-10-30T11:05:17","slug":"chwyty-wspinaczkowe-set-s14","status":"publish","type":"product","link":"https:\/\/vbloc.pl\/en\/produkt\/chwyty-wspinaczkowe-set-s14\/","title":{"rendered":"CHWYTY WSPINACZKOWE SET S14"},"content":{"rendered":"","protected":false},"excerpt":{"rendered":"<p>Set chwyt\u00f3w wspinaczkowych sk\u0142adaj\u0105cy si\u0119 z r\u00f3\u017cniej wielko\u015bci kraw\u0105dek o zmiennym stopniu trudno\u015bci.<\/p>\n<p>Typ: Kraw\u0105dki \/ Zaginaj\u0105ce si\u0119 kraw\u0105dki \/ Ob\u0142e kraw\u0105dki<\/p>\n<p>Mocowanie: \u015aruba M10 lub wkr\u0119ty typu spax<\/p>\n","protected":false},"featured_media":368,"template":"","meta":{"_mi_skip_tracking":false},"product_cat":[15],"product_tag":[],"class_list":["post-305","product","type-product","status-publish","has-post-thumbnail","hentry","product_cat-chwyty-wspinaczkowe"],"_links":{"self":[{"href":"https:\/\/vbloc.pl\/en\/wp-json\/wp\/v2\/product\/305","targetHints":{"allow":["GET"]}}],"collection":[{"href":"https:\/\/vbloc.pl\/en\/wp-json\/wp\/v2\/product"}],"about":[{"href":"https:\/\/vbloc.pl\/en\/wp-json\/wp\/v2\/types\/product"}],"wp:featuredmedia":[{"embeddable":true,"href":"https:\/\/vbloc.pl\/en\/wp-json\/wp\/v2\/media\/368"}],"wp:attachment":[{"href":"https:\/\/vbloc.pl\/en\/wp-json\/wp\/v2\/media?parent=305"}],"wp:term":[{"taxonomy":"product_cat","embeddable":true,"href":"https:\/\/vbloc.pl\/en\/wp-json\/wp\/v2\/product_cat?post=305"},{"taxonomy":"product_tag","embeddable":true,"href":"https:\/\/vbloc.pl\/en\/wp-json\/wp\/v2\/product_tag?post=305"}],"curies":[{"name":"wp","href":"https:\/\/api.w.org\/{rel}","templated":true}]}}