{"id":307,"date":"2021-05-06T18:03:34","date_gmt":"2021-05-06T18:03:34","guid":{"rendered":"http:\/\/vblock.hs11.linux.pl\/?post_type=product&#038;p=307"},"modified":"2022-10-30T11:12:06","modified_gmt":"2022-10-30T11:12:06","slug":"chwyty-wspinaczkowe-set-s16","status":"publish","type":"product","link":"https:\/\/vbloc.pl\/en\/produkt\/chwyty-wspinaczkowe-set-s16\/","title":{"rendered":"CHWYTY WSPINACZKOWE SET S16"},"content":{"rendered":"","protected":false},"excerpt":{"rendered":"<p>Chwyty wspinaczkowe typu \u015bcisk. \u015aciski o ergonomicznym kszta\u0142cie. Bardzo uniwersalne. Dzi\u0119ki zastosowaniu najwy\u017cszej klasy \u017cywic poliuretanowych uzyskali\u015bmy bardzo nisk\u0105 wag\u0119 produktu, zmniejszaj\u0105c \u015bcianki chwyt\u00f3w nawet do 6 mm.<\/p>\n<p>Typ: \u015aciski<\/p>\n<p>Mocowanie: \u015aruba M10, \u015bruba sto\u017ckowa M10 lub wkr\u0119ty typu spax<\/p>\n<p>materia\u0142: poliuretan<\/p>\n","protected":false},"featured_media":392,"template":"","meta":{"_mi_skip_tracking":false},"product_cat":[15],"product_tag":[],"class_list":["post-307","product","type-product","status-publish","has-post-thumbnail","hentry","product_cat-chwyty-wspinaczkowe"],"_links":{"self":[{"href":"https:\/\/vbloc.pl\/en\/wp-json\/wp\/v2\/product\/307","targetHints":{"allow":["GET"]}}],"collection":[{"href":"https:\/\/vbloc.pl\/en\/wp-json\/wp\/v2\/product"}],"about":[{"href":"https:\/\/vbloc.pl\/en\/wp-json\/wp\/v2\/types\/product"}],"wp:featuredmedia":[{"embeddable":true,"href":"https:\/\/vbloc.pl\/en\/wp-json\/wp\/v2\/media\/392"}],"wp:attachment":[{"href":"https:\/\/vbloc.pl\/en\/wp-json\/wp\/v2\/media?parent=307"}],"wp:term":[{"taxonomy":"product_cat","embeddable":true,"href":"https:\/\/vbloc.pl\/en\/wp-json\/wp\/v2\/product_cat?post=307"},{"taxonomy":"product_tag","embeddable":true,"href":"https:\/\/vbloc.pl\/en\/wp-json\/wp\/v2\/product_tag?post=307"}],"curies":[{"name":"wp","href":"https:\/\/api.w.org\/{rel}","templated":true}]}}